{"id":92,"date":"2024-02-14T16:41:27","date_gmt":"2024-02-14T19:41:27","guid":{"rendered":"https:\/\/rodrigovizeu.com.br\/2024\/?page_id=92"},"modified":"2024-09-26T05:49:04","modified_gmt":"2024-09-26T08:49:04","slug":"missao","status":"publish","type":"page","link":"https:\/\/rodrigovizeu.com.br\/2024\/missao\/","title":{"rendered":"MISS\u00c3O"},"content":{"rendered":"\t\t<div data-elementor-type=\"wp-page\" data-elementor-id=\"92\" class=\"elementor elementor-92\" data-elementor-post-type=\"page\">\n\t\t\t\t<div class=\"elementor-element elementor-element-fab0f81 e-flex e-con-boxed wpr-particle-no wpr-jarallax-no wpr-parallax-no wpr-sticky-section-no e-con e-parent\" data-id=\"fab0f81\" data-element_type=\"container\" data-settings=\"{&quot;container_type&quot;:&quot;flex&quot;,&quot;content_width&quot;:&quot;boxed&quot;}\" data-core-v316-plus=\"true\">\n\t\t\t\t\t<div class=\"e-con-inner\">\n\t\t\t\t<div class=\"elementor-element elementor-element-264acf3 elementor-widget elementor-widget-heading\" data-id=\"264acf3\" data-element_type=\"widget\" data-widget_type=\"heading.default\">\n\t\t\t\t<div class=\"elementor-widget-container\">\n\t\t\t<style>\/*! elementor - v3.19.0 - 29-01-2024 *\/\n.elementor-heading-title{padding:0;margin:0;line-height:1}.elementor-widget-heading .elementor-heading-title[class*=elementor-size-]>a{color:inherit;font-size:inherit;line-height:inherit}.elementor-widget-heading .elementor-heading-title.elementor-size-small{font-size:15px}.elementor-widget-heading .elementor-heading-title.elementor-size-medium{font-size:19px}.elementor-widget-heading .elementor-heading-title.elementor-size-large{font-size:29px}.elementor-widget-heading .elementor-heading-title.elementor-size-xl{font-size:39px}.elementor-widget-heading .elementor-heading-title.elementor-size-xxl{font-size:59px}<\/style><h2 class=\"elementor-heading-title elementor-size-default\">MISS\u00c3O<\/h2>\t\t<\/div>\n\t\t\t\t<\/div>\n\t\t\t\t\t<\/div>\n\t\t\t\t<\/div>\n\t\t<div class=\"elementor-element elementor-element-64b250d e-flex e-con-boxed wpr-particle-no wpr-jarallax-no wpr-parallax-no wpr-sticky-section-no e-con e-parent\" data-id=\"64b250d\" data-element_type=\"container\" data-settings=\"{&quot;container_type&quot;:&quot;flex&quot;,&quot;content_width&quot;:&quot;boxed&quot;}\" data-core-v316-plus=\"true\">\n\t\t\t\t\t<div class=\"e-con-inner\">\n\t\t<div class=\"elementor-element elementor-element-498357d e-flex e-con-boxed wpr-particle-no wpr-jarallax-no wpr-parallax-no wpr-sticky-section-no e-con e-child\" data-id=\"498357d\" data-element_type=\"container\" data-settings=\"{&quot;container_type&quot;:&quot;flex&quot;,&quot;content_width&quot;:&quot;boxed&quot;}\">\n\t\t\t\t\t<div class=\"e-con-inner\">\n\t\t<div class=\"elementor-element elementor-element-0e5f248 e-con-full e-flex wpr-particle-no wpr-jarallax-no wpr-parallax-no wpr-sticky-section-no e-con e-child\" data-id=\"0e5f248\" data-element_type=\"container\" data-settings=\"{&quot;content_width&quot;:&quot;full&quot;,&quot;container_type&quot;:&quot;flex&quot;}\">\n\t\t\t\t<div class=\"elementor-element elementor-element-6c8b4ba elementor-widget__width-initial elementor-widget elementor-widget-image\" data-id=\"6c8b4ba\" data-element_type=\"widget\" data-widget_type=\"image.default\">\n\t\t\t\t<div class=\"elementor-widget-container\">\n\t\t\t<style>\/*! elementor - v3.19.0 - 29-01-2024 *\/\n.elementor-widget-image{text-align:center}.elementor-widget-image a{display:inline-block}.elementor-widget-image a img[src$=\".svg\"]{width:48px}.elementor-widget-image img{vertical-align:middle;display:inline-block}<\/style>\t\t\t\t\t\t\t\t\t\t<img fetchpriority=\"high\" decoding=\"async\" width=\"287\" height=\"191\" src=\"https:\/\/rodrigovizeu.com.br\/2024\/wp-content\/uploads\/2024\/02\/Banner-Rodrigo-Vizeu-15000.jpg\" class=\"attachment-medium_large size-medium_large wp-image-2130\" alt=\"\" \/>\t\t\t\t\t\t\t\t\t\t\t\t\t<\/div>\n\t\t\t\t<\/div>\n\t\t\t\t<div class=\"elementor-element elementor-element-8d345d1 elementor-widget__width-initial elementor-widget-divider--view-line elementor-widget elementor-widget-divider\" data-id=\"8d345d1\" data-element_type=\"widget\" data-widget_type=\"divider.default\">\n\t\t\t\t<div class=\"elementor-widget-container\">\n\t\t\t<style>\/*! elementor - v3.19.0 - 29-01-2024 *\/\n.elementor-widget-divider{--divider-border-style:none;--divider-border-width:1px;--divider-color:#0c0d0e;--divider-icon-size:20px;--divider-element-spacing:10px;--divider-pattern-height:24px;--divider-pattern-size:20px;--divider-pattern-url:none;--divider-pattern-repeat:repeat-x}.elementor-widget-divider .elementor-divider{display:flex}.elementor-widget-divider .elementor-divider__text{font-size:15px;line-height:1;max-width:95%}.elementor-widget-divider .elementor-divider__element{margin:0 var(--divider-element-spacing);flex-shrink:0}.elementor-widget-divider .elementor-icon{font-size:var(--divider-icon-size)}.elementor-widget-divider .elementor-divider-separator{display:flex;margin:0;direction:ltr}.elementor-widget-divider--view-line_icon .elementor-divider-separator,.elementor-widget-divider--view-line_text .elementor-divider-separator{align-items:center}.elementor-widget-divider--view-line_icon .elementor-divider-separator:after,.elementor-widget-divider--view-line_icon .elementor-divider-separator:before,.elementor-widget-divider--view-line_text .elementor-divider-separator:after,.elementor-widget-divider--view-line_text .elementor-divider-separator:before{display:block;content:\"\";border-block-end:0;flex-grow:1;border-block-start:var(--divider-border-width) var(--divider-border-style) var(--divider-color)}.elementor-widget-divider--element-align-left .elementor-divider .elementor-divider-separator>.elementor-divider__svg:first-of-type{flex-grow:0;flex-shrink:100}.elementor-widget-divider--element-align-left .elementor-divider-separator:before{content:none}.elementor-widget-divider--element-align-left .elementor-divider__element{margin-left:0}.elementor-widget-divider--element-align-right .elementor-divider .elementor-divider-separator>.elementor-divider__svg:last-of-type{flex-grow:0;flex-shrink:100}.elementor-widget-divider--element-align-right .elementor-divider-separator:after{content:none}.elementor-widget-divider--element-align-right .elementor-divider__element{margin-right:0}.elementor-widget-divider--element-align-start .elementor-divider .elementor-divider-separator>.elementor-divider__svg:first-of-type{flex-grow:0;flex-shrink:100}.elementor-widget-divider--element-align-start .elementor-divider-separator:before{content:none}.elementor-widget-divider--element-align-start .elementor-divider__element{margin-inline-start:0}.elementor-widget-divider--element-align-end .elementor-divider .elementor-divider-separator>.elementor-divider__svg:last-of-type{flex-grow:0;flex-shrink:100}.elementor-widget-divider--element-align-end .elementor-divider-separator:after{content:none}.elementor-widget-divider--element-align-end .elementor-divider__element{margin-inline-end:0}.elementor-widget-divider:not(.elementor-widget-divider--view-line_text):not(.elementor-widget-divider--view-line_icon) .elementor-divider-separator{border-block-start:var(--divider-border-width) var(--divider-border-style) var(--divider-color)}.elementor-widget-divider--separator-type-pattern{--divider-border-style:none}.elementor-widget-divider--separator-type-pattern.elementor-widget-divider--view-line .elementor-divider-separator,.elementor-widget-divider--separator-type-pattern:not(.elementor-widget-divider--view-line) .elementor-divider-separator:after,.elementor-widget-divider--separator-type-pattern:not(.elementor-widget-divider--view-line) .elementor-divider-separator:before,.elementor-widget-divider--separator-type-pattern:not([class*=elementor-widget-divider--view]) .elementor-divider-separator{width:100%;min-height:var(--divider-pattern-height);-webkit-mask-size:var(--divider-pattern-size) 100%;mask-size:var(--divider-pattern-size) 100%;-webkit-mask-repeat:var(--divider-pattern-repeat);mask-repeat:var(--divider-pattern-repeat);background-color:var(--divider-color);-webkit-mask-image:var(--divider-pattern-url);mask-image:var(--divider-pattern-url)}.elementor-widget-divider--no-spacing{--divider-pattern-size:auto}.elementor-widget-divider--bg-round{--divider-pattern-repeat:round}.rtl .elementor-widget-divider .elementor-divider__text{direction:rtl}.e-con-inner>.elementor-widget-divider,.e-con>.elementor-widget-divider{width:var(--container-widget-width,100%);--flex-grow:var(--container-widget-flex-grow)}<\/style>\t\t<div class=\"elementor-divider\">\n\t\t\t<span class=\"elementor-divider-separator\">\n\t\t\t\t\t\t<\/span>\n\t\t<\/div>\n\t\t\t\t<\/div>\n\t\t\t\t<\/div>\n\t\t\t\t<div class=\"elementor-element elementor-element-60cdba9 elementor-widget elementor-widget-text-editor\" data-id=\"60cdba9\" data-element_type=\"widget\" data-widget_type=\"text-editor.default\">\n\t\t\t\t<div class=\"elementor-widget-container\">\n\t\t\t<style>\/*! elementor - v3.19.0 - 29-01-2024 *\/\n.elementor-widget-text-editor.elementor-drop-cap-view-stacked .elementor-drop-cap{background-color:#69727d;color:#fff}.elementor-widget-text-editor.elementor-drop-cap-view-framed .elementor-drop-cap{color:#69727d;border:3px solid;background-color:transparent}.elementor-widget-text-editor:not(.elementor-drop-cap-view-default) .elementor-drop-cap{margin-top:8px}.elementor-widget-text-editor:not(.elementor-drop-cap-view-default) .elementor-drop-cap-letter{width:1em;height:1em}.elementor-widget-text-editor .elementor-drop-cap{float:left;text-align:center;line-height:1;font-size:50px}.elementor-widget-text-editor .elementor-drop-cap-letter{display:inline-block}<\/style>\t\t\t\t<p>\u00a0 \u00a0Vamos juntos, trabalhar pela constru\u00e7\u00e3o de um mundo melhor e mais humano para todos os seus habitantes, principalmente para os mais necessitados da presen\u00e7a e da atua\u00e7\u00e3o do poder p\u00fablico. Pois sucesso n\u00e3o tem a ver com o dinheiro que voc\u00ea ganha, tem a ver com a diferen\u00e7a que voc\u00ea faz na vida das pessoas.<\/p>\t\t\t\t\t\t<\/div>\n\t\t\t\t<\/div>\n\t\t\t\t<\/div>\n\t\t\t\t\t<\/div>\n\t\t\t\t<\/div>\n\t\t\t\t\t<\/div>\n\t\t\t\t<\/div>\n\t\t\t\t<\/div>\n\t\t","protected":false},"excerpt":{"rendered":"<p>MISS\u00c3O \u00a0 \u00a0Vamos juntos, trabalhar pela constru\u00e7\u00e3o de um mundo melhor e mais humano para todos os seus habitantes, principalmente para os mais necessitados da presen\u00e7a e da atua\u00e7\u00e3o do poder p\u00fablico. Pois sucesso n\u00e3o tem a ver com o dinheiro que voc\u00ea ganha, tem a ver com a diferen\u00e7a que voc\u00ea faz na vida [&hellip;]<\/p>\n<div class='heateor_sss_sharing_container heateor_sss_vertical_sharing heateor_sss_bottom_sharing' style='width:44px;left: -10px;top: 250px;-webkit-box-shadow:none;box-shadow:none;' data-heateor-sss-href='https:\/\/rodrigovizeu.com.br\/2024\/wp-json\/wp\/v2\/pages\/92'><div class=\"heateor_sss_sharing_ul\"><a aria-label=\"Whatsapp\" class=\"heateor_sss_whatsapp\" href=\"https:\/\/api.whatsapp.com\/send?text=Rodrigo%20Vizeu%20-%20 https%3A%2F%2Frodrigovizeu.com.br%2F2024%2Fwp-json%2Fwp%2Fv2%2Fpages%2F92\" title=\"Whatsapp\" rel=\"nofollow noopener\" target=\"_blank\" style=\"font-size:32px!important;box-shadow:none;display:inline-block;vertical-align:middle\"><span class=\"heateor_sss_svg\" style=\"background-color:#55eb4c;width:40px;height:40px;border-radius:999px;display:inline-block;opacity:1;float:left;font-size:32px;box-shadow:none;display:inline-block;font-size:16px;padding:0 4px;vertical-align:middle;background-repeat:repeat;overflow:hidden;padding:0;cursor:pointer;box-sizing:content-box\"><svg style=\"display:block;border-radius:999px;\" focusable=\"false\" aria-hidden=\"true\" xmlns=\"http:\/\/www.w3.org\/2000\/svg\" width=\"100%\" height=\"100%\" viewBox=\"-6 -5 40 40\"><path class=\"heateor_sss_svg_stroke heateor_sss_no_fill\" stroke=\"#fff\" stroke-width=\"2\" fill=\"none\" d=\"M 11.579798566743314 24.396926207859085 A 10 10 0 1 0 6.808479557110079 20.73576436351046\"><\/path><path d=\"M 7 19 l -1 6 l 6 -1\" class=\"heateor_sss_no_fill heateor_sss_svg_stroke\" stroke=\"#fff\" stroke-width=\"2\" fill=\"none\"><\/path><path d=\"M 10 10 q -1 8 8 11 c 5 -1 0 -6 -1 -3 q -4 -3 -5 -5 c 4 -2 -1 -5 -1 -4\" fill=\"#fff\"><\/path><\/svg><\/span><\/a><a aria-label=\"Facebook\" class=\"heateor_sss_facebook\" href=\"https:\/\/www.facebook.com\/sharer\/sharer.php?u=https%3A%2F%2Frodrigovizeu.com.br%2F2024%2Fwp-json%2Fwp%2Fv2%2Fpages%2F92\" title=\"Facebook\" rel=\"nofollow noopener\" target=\"_blank\" style=\"font-size:32px!important;box-shadow:none;display:inline-block;vertical-align:middle\"><span class=\"heateor_sss_svg\" style=\"background-color:#3c589a;width:40px;height:40px;border-radius:999px;display:inline-block;opacity:1;float:left;font-size:32px;box-shadow:none;display:inline-block;font-size:16px;padding:0 4px;vertical-align:middle;background-repeat:repeat;overflow:hidden;padding:0;cursor:pointer;box-sizing:content-box\"><svg style=\"display:block;border-radius:999px;\" focusable=\"false\" aria-hidden=\"true\" xmlns=\"http:\/\/www.w3.org\/2000\/svg\" width=\"100%\" height=\"100%\" viewBox=\"-5 -5 42 42\"><path d=\"M17.78 27.5V17.008h3.522l.527-4.09h-4.05v-2.61c0-1.182.33-1.99 2.023-1.99h2.166V4.66c-.375-.05-1.66-.16-3.155-.16-3.123 0-5.26 1.905-5.26 5.405v3.016h-3.53v4.09h3.53V27.5h4.223z\" fill=\"#fff\"><\/path><\/svg><\/span><\/a><a aria-label=\"Email\" class=\"heateor_sss_email\" href=\"https:\/\/rodrigovizeu.com.br\/2024\/wp-json\/wp\/v2\/pages\/92\" onclick=\"event.preventDefault();window.open('mailto:?subject=' + decodeURIComponent('Rodrigo%20Vizeu%20-%20').replace('&', '%26') + '&body=https%3A%2F%2Frodrigovizeu.com.br%2F2024%2Fwp-json%2Fwp%2Fv2%2Fpages%2F92', '_blank')\" title=\"Email\" rel=\"nofollow noopener\" style=\"font-size:32px!important;box-shadow:none;display:inline-block;vertical-align:middle\"><span class=\"heateor_sss_svg\" style=\"background-color:#649a3f;width:40px;height:40px;border-radius:999px;display:inline-block;opacity:1;float:left;font-size:32px;box-shadow:none;display:inline-block;font-size:16px;padding:0 4px;vertical-align:middle;background-repeat:repeat;overflow:hidden;padding:0;cursor:pointer;box-sizing:content-box\"><svg style=\"display:block;border-radius:999px;\" focusable=\"false\" aria-hidden=\"true\" xmlns=\"http:\/\/www.w3.org\/2000\/svg\" width=\"100%\" height=\"100%\" viewBox=\"-.75 -.5 36 36\"><path d=\"M 5.5 11 h 23 v 1 l -11 6 l -11 -6 v -1 m 0 2 l 11 6 l 11 -6 v 11 h -22 v -11\" stroke-width=\"1\" fill=\"#fff\"><\/path><\/svg><\/span><\/a><a aria-label=\"Print\" class=\"heateor_sss_button_print\" href=\"https:\/\/rodrigovizeu.com.br\/2024\/wp-json\/wp\/v2\/pages\/92\" onclick=\"event.preventDefault();window.print()\" title=\"Print\" rel=\"nofollow noopener\" style=\"font-size:32px!important;box-shadow:none;display:inline-block;vertical-align:middle\"><span class=\"heateor_sss_svg heateor_sss_s__default heateor_sss_s_print\" style=\"background-color:#fd6500;width:40px;height:40px;border-radius:999px;display:inline-block;opacity:1;float:left;font-size:32px;box-shadow:none;display:inline-block;font-size:16px;padding:0 4px;vertical-align:middle;background-repeat:repeat;overflow:hidden;padding:0;cursor:pointer;box-sizing:content-box\"><svg style=\"display:block;border-radius:999px;\" focusable=\"false\" aria-hidden=\"true\" xmlns=\"http:\/\/www.w3.org\/2000\/svg\" width=\"100%\" height=\"100%\" viewBox=\"-2.8 -4.5 35 35\"><path stroke=\"#fff\" class=\"heateor_sss_svg_stroke\" d=\"M 7 10 h 2 v 3 h 12 v -3 h 2 v 7 h -2 v -3 h -12 v 3 h -2 z\" stroke-width=\"1\" fill=\"#fff\"><\/path><rect class=\"heateor_sss_no_fill heateor_sss_svg_stroke\" stroke=\"#fff\" stroke-width=\"1.8\" height=\"7\" width=\"10\" x=\"10\" y=\"5\" fill=\"none\"><\/rect><rect class=\"heateor_sss_svg_stroke\" stroke=\"#fff\" stroke-width=\"1\" height=\"5\" width=\"8\" x=\"11\" y=\"16\" fill=\"#fff\"><\/rect><\/svg><\/span><\/a><a class=\"heateor_sss_more\" title=\"More\" rel=\"nofollow noopener\" style=\"font-size: 32px!important;border:0;box-shadow:none;display:inline-block!important;font-size:16px;padding:0 4px;vertical-align: middle;display:inline;\" href=\"https:\/\/rodrigovizeu.com.br\/2024\/wp-json\/wp\/v2\/pages\/92\" onclick=\"event.preventDefault()\"><span class=\"heateor_sss_svg\" style=\"background-color:#ee8e2d;width:40px;height:40px;border-radius:999px;display:inline-block!important;opacity:1;float:left;font-size:32px!important;box-shadow:none;display:inline-block;font-size:16px;padding:0 4px;vertical-align:middle;display:inline;background-repeat:repeat;overflow:hidden;padding:0;cursor:pointer;box-sizing:content-box;\" onclick=\"heateorSssMoreSharingPopup(this, 'https:\/\/rodrigovizeu.com.br\/2024\/wp-json\/wp\/v2\/pages\/92', 'Rodrigo%20Vizeu%20-%20', '' )\"><svg xmlns=\"http:\/\/www.w3.org\/2000\/svg\" xmlns:xlink=\"http:\/\/www.w3.org\/1999\/xlink\" viewBox=\"-.3 0 32 32\" version=\"1.1\" width=\"100%\" height=\"100%\" style=\"display:block;border-radius:999px;\" xml:space=\"preserve\"><g><path fill=\"#fff\" d=\"M18 14V8h-4v6H8v4h6v6h4v-6h6v-4h-6z\" fill-rule=\"evenodd\"><\/path><\/g><\/svg><\/span><\/a><\/div><div class=\"heateorSssClear\"><\/div><\/div>","protected":false},"author":1,"featured_media":0,"parent":0,"menu_order":0,"comment_status":"closed","ping_status":"closed","template":"","meta":{"footnotes":""},"yoast_head":"<!-- This site is optimized with the Yoast SEO plugin v22.1 - https:\/\/yoast.com\/wordpress\/plugins\/seo\/ -->\n<title>MISS\u00c3O - Rodrigo Vizeu<\/title>\n<meta name=\"robots\" content=\"index, follow, max-snippet:-1, max-image-preview:large, max-video-preview:-1\" \/>\n<link rel=\"canonical\" href=\"https:\/\/rodrigovizeu.com.br\/2024\/missao\/\" \/>\n<meta property=\"og:locale\" content=\"pt_BR\" \/>\n<meta property=\"og:type\" content=\"article\" \/>\n<meta property=\"og:title\" content=\"MISS\u00c3O - Rodrigo Vizeu\" \/>\n<meta property=\"og:description\" content=\"MISS\u00c3O \u00a0 \u00a0Vamos juntos, trabalhar pela constru\u00e7\u00e3o de um mundo melhor e mais humano para todos os seus habitantes, principalmente para os mais necessitados da presen\u00e7a e da atua\u00e7\u00e3o do poder p\u00fablico. Pois sucesso n\u00e3o tem a ver com o dinheiro que voc\u00ea ganha, tem a ver com a diferen\u00e7a que voc\u00ea faz na vida [&hellip;]\" \/>\n<meta property=\"og:url\" content=\"https:\/\/rodrigovizeu.com.br\/2024\/missao\/\" \/>\n<meta property=\"og:site_name\" content=\"Rodrigo Vizeu\" \/>\n<meta property=\"article:publisher\" content=\"https:\/\/www.facebook.com\/rodrigovizeurj\" \/>\n<meta property=\"article:modified_time\" content=\"2024-09-26T08:49:04+00:00\" \/>\n<meta property=\"og:image\" content=\"https:\/\/rodrigovizeu.com.br\/2024\/wp-content\/uploads\/2024\/02\/Banner-Rodrigo-Vizeu-15000.jpg\" \/>\n<meta name=\"twitter:card\" content=\"summary_large_image\" \/>\n<meta name=\"twitter:label1\" content=\"Est. tempo de leitura\" \/>\n\t<meta name=\"twitter:data1\" content=\"1 minuto\" \/>\n<script type=\"application\/ld+json\" class=\"yoast-schema-graph\">{\"@context\":\"https:\/\/schema.org\",\"@graph\":[{\"@type\":\"WebPage\",\"@id\":\"https:\/\/rodrigovizeu.com.br\/2024\/missao\/\",\"url\":\"https:\/\/rodrigovizeu.com.br\/2024\/missao\/\",\"name\":\"MISS\u00c3O - Rodrigo Vizeu\",\"isPartOf\":{\"@id\":\"https:\/\/rodrigovizeu.com.br\/2024\/#website\"},\"datePublished\":\"2024-02-14T19:41:27+00:00\",\"dateModified\":\"2024-09-26T08:49:04+00:00\",\"breadcrumb\":{\"@id\":\"https:\/\/rodrigovizeu.com.br\/2024\/missao\/#breadcrumb\"},\"inLanguage\":\"pt-BR\",\"potentialAction\":[{\"@type\":\"ReadAction\",\"target\":[\"https:\/\/rodrigovizeu.com.br\/2024\/missao\/\"]}]},{\"@type\":\"BreadcrumbList\",\"@id\":\"https:\/\/rodrigovizeu.com.br\/2024\/missao\/#breadcrumb\",\"itemListElement\":[{\"@type\":\"ListItem\",\"position\":1,\"name\":\"In\u00edcio\",\"item\":\"https:\/\/rodrigovizeu.com.br\/2024\/\"},{\"@type\":\"ListItem\",\"position\":2,\"name\":\"MISS\u00c3O\"}]},{\"@type\":\"WebSite\",\"@id\":\"https:\/\/rodrigovizeu.com.br\/2024\/#website\",\"url\":\"https:\/\/rodrigovizeu.com.br\/2024\/\",\"name\":\"Rodrigo Vizeu\",\"description\":\"\",\"publisher\":{\"@id\":\"https:\/\/rodrigovizeu.com.br\/2024\/#organization\"},\"potentialAction\":[{\"@type\":\"SearchAction\",\"target\":{\"@type\":\"EntryPoint\",\"urlTemplate\":\"https:\/\/rodrigovizeu.com.br\/2024\/?s={search_term_string}\"},\"query-input\":\"required name=search_term_string\"}],\"inLanguage\":\"pt-BR\"},{\"@type\":\"Organization\",\"@id\":\"https:\/\/rodrigovizeu.com.br\/2024\/#organization\",\"name\":\"Rodrigo Vizeu\",\"url\":\"https:\/\/rodrigovizeu.com.br\/2024\/\",\"logo\":{\"@type\":\"ImageObject\",\"inLanguage\":\"pt-BR\",\"@id\":\"https:\/\/rodrigovizeu.com.br\/2024\/#\/schema\/logo\/image\/\",\"url\":\"https:\/\/rodrigovizeu.com.br\/2024\/wp-content\/uploads\/2024\/02\/3.png\",\"contentUrl\":\"https:\/\/rodrigovizeu.com.br\/2024\/wp-content\/uploads\/2024\/02\/3.png\",\"width\":500,\"height\":500,\"caption\":\"Rodrigo Vizeu\"},\"image\":{\"@id\":\"https:\/\/rodrigovizeu.com.br\/2024\/#\/schema\/logo\/image\/\"},\"sameAs\":[\"https:\/\/www.facebook.com\/rodrigovizeurj\",\"https:\/\/www.instagram.com\/rodrigovizeurj\/\"]}]}<\/script>\n<!-- \/ Yoast SEO plugin. -->","yoast_head_json":{"title":"MISS\u00c3O - Rodrigo Vizeu","robots":{"index":"index","follow":"follow","max-snippet":"max-snippet:-1","max-image-preview":"max-image-preview:large","max-video-preview":"max-video-preview:-1"},"canonical":"https:\/\/rodrigovizeu.com.br\/2024\/missao\/","og_locale":"pt_BR","og_type":"article","og_title":"MISS\u00c3O - Rodrigo Vizeu","og_description":"MISS\u00c3O \u00a0 \u00a0Vamos juntos, trabalhar pela constru\u00e7\u00e3o de um mundo melhor e mais humano para todos os seus habitantes, principalmente para os mais necessitados da presen\u00e7a e da atua\u00e7\u00e3o do poder p\u00fablico. Pois sucesso n\u00e3o tem a ver com o dinheiro que voc\u00ea ganha, tem a ver com a diferen\u00e7a que voc\u00ea faz na vida [&hellip;]","og_url":"https:\/\/rodrigovizeu.com.br\/2024\/missao\/","og_site_name":"Rodrigo Vizeu","article_publisher":"https:\/\/www.facebook.com\/rodrigovizeurj","article_modified_time":"2024-09-26T08:49:04+00:00","og_image":[{"url":"https:\/\/rodrigovizeu.com.br\/2024\/wp-content\/uploads\/2024\/02\/Banner-Rodrigo-Vizeu-15000.jpg"}],"twitter_card":"summary_large_image","twitter_misc":{"Est. tempo de leitura":"1 minuto"},"schema":{"@context":"https:\/\/schema.org","@graph":[{"@type":"WebPage","@id":"https:\/\/rodrigovizeu.com.br\/2024\/missao\/","url":"https:\/\/rodrigovizeu.com.br\/2024\/missao\/","name":"MISS\u00c3O - Rodrigo Vizeu","isPartOf":{"@id":"https:\/\/rodrigovizeu.com.br\/2024\/#website"},"datePublished":"2024-02-14T19:41:27+00:00","dateModified":"2024-09-26T08:49:04+00:00","breadcrumb":{"@id":"https:\/\/rodrigovizeu.com.br\/2024\/missao\/#breadcrumb"},"inLanguage":"pt-BR","potentialAction":[{"@type":"ReadAction","target":["https:\/\/rodrigovizeu.com.br\/2024\/missao\/"]}]},{"@type":"BreadcrumbList","@id":"https:\/\/rodrigovizeu.com.br\/2024\/missao\/#breadcrumb","itemListElement":[{"@type":"ListItem","position":1,"name":"In\u00edcio","item":"https:\/\/rodrigovizeu.com.br\/2024\/"},{"@type":"ListItem","position":2,"name":"MISS\u00c3O"}]},{"@type":"WebSite","@id":"https:\/\/rodrigovizeu.com.br\/2024\/#website","url":"https:\/\/rodrigovizeu.com.br\/2024\/","name":"Rodrigo Vizeu","description":"","publisher":{"@id":"https:\/\/rodrigovizeu.com.br\/2024\/#organization"},"potentialAction":[{"@type":"SearchAction","target":{"@type":"EntryPoint","urlTemplate":"https:\/\/rodrigovizeu.com.br\/2024\/?s={search_term_string}"},"query-input":"required name=search_term_string"}],"inLanguage":"pt-BR"},{"@type":"Organization","@id":"https:\/\/rodrigovizeu.com.br\/2024\/#organization","name":"Rodrigo Vizeu","url":"https:\/\/rodrigovizeu.com.br\/2024\/","logo":{"@type":"ImageObject","inLanguage":"pt-BR","@id":"https:\/\/rodrigovizeu.com.br\/2024\/#\/schema\/logo\/image\/","url":"https:\/\/rodrigovizeu.com.br\/2024\/wp-content\/uploads\/2024\/02\/3.png","contentUrl":"https:\/\/rodrigovizeu.com.br\/2024\/wp-content\/uploads\/2024\/02\/3.png","width":500,"height":500,"caption":"Rodrigo Vizeu"},"image":{"@id":"https:\/\/rodrigovizeu.com.br\/2024\/#\/schema\/logo\/image\/"},"sameAs":["https:\/\/www.facebook.com\/rodrigovizeurj","https:\/\/www.instagram.com\/rodrigovizeurj\/"]}]}},"_links":{"self":[{"href":"https:\/\/rodrigovizeu.com.br\/2024\/wp-json\/wp\/v2\/pages\/92"}],"collection":[{"href":"https:\/\/rodrigovizeu.com.br\/2024\/wp-json\/wp\/v2\/pages"}],"about":[{"href":"https:\/\/rodrigovizeu.com.br\/2024\/wp-json\/wp\/v2\/types\/page"}],"author":[{"embeddable":true,"href":"https:\/\/rodrigovizeu.com.br\/2024\/wp-json\/wp\/v2\/users\/1"}],"replies":[{"embeddable":true,"href":"https:\/\/rodrigovizeu.com.br\/2024\/wp-json\/wp\/v2\/comments?post=92"}],"version-history":[{"count":41,"href":"https:\/\/rodrigovizeu.com.br\/2024\/wp-json\/wp\/v2\/pages\/92\/revisions"}],"predecessor-version":[{"id":2144,"href":"https:\/\/rodrigovizeu.com.br\/2024\/wp-json\/wp\/v2\/pages\/92\/revisions\/2144"}],"wp:attachment":[{"href":"https:\/\/rodrigovizeu.com.br\/2024\/wp-json\/wp\/v2\/media?parent=92"}],"curies":[{"name":"wp","href":"https:\/\/api.w.org\/{rel}","templated":true}]}}